{"id":487,"date":"2025-06-19T21:55:06","date_gmt":"2025-06-19T21:55:06","guid":{"rendered":"https:\/\/samycom.wpenginepowered.com\/?page_id=487"},"modified":"2025-06-19T22:00:57","modified_gmt":"2025-06-19T22:00:57","slug":"privacy-policy","status":"publish","type":"page","link":"https:\/\/samy.com\/sv\/privacy-policy\/","title":{"rendered":"Integritetspolicy"},"content":{"rendered":"<div data-elementor-type=\"wp-page\" data-elementor-id=\"487\" class=\"elementor elementor-487\" data-elementor-post-type=\"page\">\n\t\t\t\t<div class=\"elementor-element elementor-element-c8041e2 e-flex e-con-boxed e-con e-parent\" data-id=\"c8041e2\" data-element_type=\"container\">\n\t\t\t\t\t<div class=\"e-con-inner\">\n\t\t\t\t<div class=\"elementor-element elementor-element-4e36e80 elementor-widget elementor-widget-heading\" data-id=\"4e36e80\" data-element_type=\"widget\" data-widget_type=\"heading.default\">\n\t\t\t\t<div class=\"elementor-widget-container\">\n\t\t\t\t\t<h1 class=\"elementor-heading-title elementor-size-default\">Integritetspolicy<\/h1>\t\t\t\t<\/div>\n\t\t\t\t<\/div>\n\t\t\t\t<div class=\"elementor-element elementor-element-6718fdc elementor-widget elementor-widget-text-editor\" data-id=\"6718fdc\" data-element_type=\"widget\" data-widget_type=\"text-editor.default\">\n\t\t\t\t<div class=\"elementor-widget-container\">\n\t\t\t\t\t\t\t\t\t<p>1. Information om personuppgiftsansvarig<\/p><p>Namn p\u00e5 den personuppgiftsansvarige SAMY ROAD S.L. (\u201cSAMY ROAD\u201d eller \u201cden personuppgiftsansvarige\u201d)<\/p><p>Adress: C. de Ulises, 97 C. de Ulises, 97, 28043, Madrid<\/p><p>C.I.F.: B86442852<\/p><p>Kontakt: F\u00f6r att kontakta den personuppgiftsansvarige om SAMY ROADs anv\u00e4ndning av databehandling kan anv\u00e4ndaren kontakta dataskyddsombudet via den adress som anges i detta avsnitt eller via e-post:\u00a0<a href=\"mailto:dpd@samy.com\">dpd@samy.com<\/a>. Med referens (Ref: Dataskydd).<\/p><p>2. Information och samtycke till behandling av personuppgifter p\u00e5 Webbplatsen<\/p><p>Anv\u00e4ndare som anv\u00e4nder webbplatsen g\u00f6r det i allm\u00e4nhet utan att l\u00e4mna n\u00e5gra personuppgifter. F\u00f6r att f\u00e5 tillg\u00e5ng till tj\u00e4nsterna m\u00e5ste de dock i vissa fall l\u00e4mna vissa personuppgifter. SAMY ROAD garanterar sekretessen f\u00f6r personuppgifter som tillhandah\u00e5lls av anv\u00e4ndare, i enlighet med dataskyddsbest\u00e4mmelserna. Dessutom kommer cookies i vissa fall att installeras som kan samla in personuppgifter, i dessa fall kommer du att meddelas innan du g\u00e5r in p\u00e5 webbplatsen, mer information om detta i webbplatsens cookiepolicy.<\/p><p>Anv\u00e4ndarna informeras om att de uppgifter de kan skicka till SAMY ROAD kommer att ing\u00e5 i en fil som \u00e4gs av dem, f\u00f6r att svara p\u00e5 deras fr\u00e5gor och f\u00f6rfr\u00e5gningar och, om de har samtyckt till det, skicka kommersiell information med telematiska medel om inneh\u00e5ll och produkter som \u00e4gs av SAMY ROAD eller f\u00f6retag som tillh\u00f6r samma aff\u00e4rsgrupp. I f\u00f6rekommande fall kommer vi ocks\u00e5 att forts\u00e4tta att hantera filen f\u00f6r jobbans\u00f6kningar om anv\u00e4ndaren fyller i formul\u00e4ret.<\/p><p>Databehandlingen \u00e4r laglig enligt f\u00f6ljande grund:<\/p><ul class=\"wp-block-list\"><li>Analys av anv\u00e4ndarens surfning<\/li><\/ul><p>Anv\u00e4ndarens samtycke till installation av cookies (se cookiepolicyn).<\/p><ul class=\"wp-block-list\"><li>S\u00e4ndning av kommersiella meddelanden<\/li><\/ul><p>Anv\u00e4ndarens samtycke genom att fylla i formul\u00e4ret p\u00e5 webbplatsen och kryssa i rutan f\u00f6r att acceptera kommersiella meddelanden.<\/p><ul class=\"wp-block-list\"><li>Jobbans\u00f6kningar<\/li><\/ul><p>Anv\u00e4ndarens samtycke genom att fylla i formul\u00e4ret p\u00e5 webbplatsen.<\/p><p>Om du uttryckligen har gett ditt samtycke till att skicka kommersiella meddelanden informerar SAMY ROAD anv\u00e4ndaren om att du kan avsluta prenumerationen p\u00e5 s\u00e5dana meddelanden genom att f\u00f6lja de instruktioner som finns i slutet av alla v\u00e5ra e-postmeddelanden.<\/p><p>De personuppgifter som tillhandah\u00e5lls av anv\u00e4ndaren kan kommuniceras till andra f\u00f6retag i SAMY ROAD-koncernen (<a href=\"https:\/\/samy.com\/en\/agencies\/\">https:\/\/samy.com\/en\/agencies\/<\/a>) om det \u00e4r n\u00f6dv\u00e4ndigt f\u00f6r ovan n\u00e4mnda \u00e4ndam\u00e5l.<\/p><p>P\u00e5 samma s\u00e4tt kan personuppgifterna l\u00e4mnas ut till skattemyndigheter, dataskyddsmyndigheter (t.ex. den spanska dataskyddsmyndigheten), statliga s\u00e4kerhetsstyrkor och -k\u00e5rer, domare och domstolar om s\u00e5 kr\u00e4vs eller \u00e4r n\u00f6dv\u00e4ndigt.<\/p><p>Den behandling som beskrivs ovan kan inneb\u00e4ra internationell \u00f6verf\u00f6ring av dina uppgifter till leverant\u00f6rer som kan vara bosatta i tredje land eller ha servrar p\u00e5 s\u00e5dana platser. Ut\u00f6ver kommissionens beslut om adekvat skyddsniv\u00e5 med tredjel\u00e4nder har SAMY ROAD s\u00e4kerst\u00e4llt att avtal finns p\u00e5 plats avseende dessa data\u00f6verf\u00f6ringar och har genomf\u00f6rt \u00e5tg\u00e4rder s\u00e5som standardavtalsklausuler f\u00f6r att garantera s\u00e5dana datafl\u00f6den och d\u00e4rmed s\u00e4kerst\u00e4lla efterlevnad av dataskyddsbest\u00e4mmelser.<\/p><p>3. S\u00e4kerhets\u00e5tg\u00e4rder<\/p><p>SAMY ROAD informerar dig om att det har genomf\u00f6rt n\u00f6dv\u00e4ndiga tekniska och organisatoriska s\u00e4kerhets\u00e5tg\u00e4rder f\u00f6r att s\u00e4kerst\u00e4lla s\u00e4kerheten f\u00f6r dina personuppgifter och f\u00f6rhindra \u00e4ndring, f\u00f6rlust och behandling och \/ eller obeh\u00f6rig \u00e5tkomst, med tanke p\u00e5 teknikens tillst\u00e5nd, arten av de lagrade uppgifterna och de risker som de uts\u00e4tts f\u00f6r, vare sig det \u00e4r fr\u00e5n m\u00e4nsklig handling eller den fysiska eller naturliga milj\u00f6n. SAMY ROAD uppr\u00e4tth\u00e5ller st\u00e4ndigt \u00f6vervakning, kontroll och utv\u00e4rdering av processer f\u00f6r att s\u00e4kerst\u00e4lla respekt f\u00f6r datasekretess.<\/p><p>4. Perioder f\u00f6r bevarande av data<\/p><p>I allm\u00e4nhet kommer SAMY ROAD att beh\u00e5lla anv\u00e4ndarnas personuppgifter under den period som kr\u00e4vs f\u00f6r att uppfylla de syften som beskrivs i denna sekretesspolicy, under en maximal period p\u00e5 6 \u00e5r.<\/p><p>Anv\u00e4ndarens uppgifter p\u00e5 webbplatsen kommer att f\u00f6rvaras av SAMY ROAD medan de \u00e4r registrerade och, n\u00e4r avbokningen beg\u00e4rs, kommer de att f\u00f6rvaras f\u00f6r att uppm\u00e4rksamma eventuella skulder som uppst\u00e5r till f\u00f6ljd av behandlingen fram till f\u00f6rskrivningsperioden f\u00f6r dessa, d\u00e5 \u00e4garna till webbplatsen kommer att forts\u00e4tta att eliminera den.<\/p><p>5. Ut\u00f6vande av den registrerades r\u00e4ttigheter (tillg\u00e5ng, r\u00e4ttelse, inv\u00e4ndning, radering, begr\u00e4nsning av behandling och, i till\u00e4mpliga fall, dataportabilitet).<\/p><p>Anv\u00e4ndare kan kontakta SAMY ROAD f\u00f6r att ut\u00f6va sina r\u00e4ttigheter till tillg\u00e5ng, r\u00e4ttelse, inv\u00e4ndning, radering, begr\u00e4nsning av behandling och, i f\u00f6rekommande fall, portabilitet av de uppgifter som ing\u00e5r i deras filer.<\/p><p>Under alla omst\u00e4ndigheter kan anv\u00e4ndaren n\u00e4r som helst \u00e5terkalla sitt samtycke till behandlingen av sina uppgifter, utan att det p\u00e5verkar lagligheten av den behandling som grundar sig p\u00e5 samtycket innan det \u00e5terkallades.<\/p><p>F\u00f6r att g\u00f6ra det m\u00e5ste du skicka ett brev som identifieras med referensen (Ref. Data Protection) d\u00e4r du anger motsvarande beg\u00e4ran till f\u00f6ljande adress: SAMY ROAD, C. de Ulises, 97, 28043, Madrid. Eller genom att skicka identisk dokumentation till f\u00f6ljande e-postadress: dpd@samy.com.<\/p><p>F\u00f6r att s\u00e4kerst\u00e4lla efterlevnad av dataskyddet ska den registrerade ha r\u00e4tt att klaga till den spanska dataskyddsmyndigheten (AEPD) om SAMY ROAD bryter mot lagen.<\/p><p>6. Uppgifter som tillhandah\u00e5lls av tredje part<\/p><p>Fr\u00e5n SAMY ROAD ber vi anv\u00e4ndarna att undvika att kommunicera personuppgifter fr\u00e5n tredje part via n\u00e5got system, applikation, medium eller format. I h\u00e4ndelse av att kommunikationen till SAMY ROAD p\u00e5 webbplatsen inneh\u00e5ller personuppgifter fr\u00e5n personer som inte innehar s\u00e5dana uppgifter, garanterar anv\u00e4ndaren att han\/hon har informerat dessa personer om punkterna i f\u00f6reg\u00e5ende stycken och har f\u00e5tt deras samtycke i enlighet med best\u00e4mmelserna om dataskydd. Omst\u00e4ndighet som f\u00f6rklarar sig ha uppfyllt genom att acceptera de nuvarande villkoren.<\/p><p>Anv\u00e4ndaren ska vara ansvarig gentemot SAMY ROAD eller tredje man f\u00f6r eventuella skador som kan uppkomma till f\u00f6ljd av brott mot ovanst\u00e5ende uttalanden.<\/p><p>7. Sanningsenlighet, riktighet och uppdatering av uppgifter<\/p><p>De uppgifter som anv\u00e4ndaren l\u00e4mnar m\u00e5ste vara sanningsenliga, korrekta, fullst\u00e4ndiga och uppdaterade. Om n\u00e5gon av de uppgifter som finns i v\u00e5r databas, s\u00e4rskilt de som r\u00f6r kontaktpersoner, \u00e4ndras och\/eller f\u00f6r\u00e4ndras, ber vi dig v\u00e4nligen att informera oss om detta s\u00e5 att vi kan uppdatera dem.<\/p><p>8. Till\u00e4mplig lag och jurisdiktion<\/p><p>F\u00f6rh\u00e5llandena mellan anv\u00e4ndaren och SAMY ROAD ska regleras av spansk lag. Men i de fall d\u00e4r best\u00e4mmelserna ger parterna m\u00f6jlighet att underkasta sig en jurisdiktion, avst\u00e5r anv\u00e4ndaren och SAMY ROAD uttryckligen fr\u00e5n all annan jurisdiktion som kan g\u00e4lla, och \u00f6verl\u00e4mnar eventuella tvister och\/eller r\u00e4ttstvister till k\u00e4nnedom f\u00f6r domstolarna och tribunalerna i staden Madrid.<\/p>\t\t\t\t\t\t\t\t<\/div>\n\t\t\t\t<\/div>\n\t\t\t\t\t<\/div>\n\t\t\t\t<\/div>\n\t\t\t\t<\/div>","protected":false},"excerpt":{"rendered":"<p>Privacy Policy 1. Information about data controller Name: SAMY ROAD S.L. (\u201cSAMY ROAD\u201d or \u201cthe data controller\u201d) Address: C. de Ulises, 97, 28043, Madrid C.I.F: B86442852 Contact: to contact the controller about the use of data processing by SAMY ROAD, the User may contact the Data Protection Officer through the address indicated in this section [&hellip;]<\/p>","protected":false},"author":2,"featured_media":0,"parent":0,"menu_order":0,"comment_status":"closed","ping_status":"closed","template":"","meta":{"_acf_changed":false,"om_disable_all_campaigns":false,"_monsterinsights_skip_tracking":false,"_monsterinsights_sitenote_active":false,"_monsterinsights_sitenote_note":"","_monsterinsights_sitenote_category":0,"footnotes":""},"class_list":["post-487","page","type-page","status-publish","hentry"],"acf":[],"aioseo_notices":[],"_links":{"self":[{"href":"https:\/\/samy.com\/sv\/wp-json\/wp\/v2\/pages\/487","targetHints":{"allow":["GET"]}}],"collection":[{"href":"https:\/\/samy.com\/sv\/wp-json\/wp\/v2\/pages"}],"about":[{"href":"https:\/\/samy.com\/sv\/wp-json\/wp\/v2\/types\/page"}],"author":[{"embeddable":true,"href":"https:\/\/samy.com\/sv\/wp-json\/wp\/v2\/users\/2"}],"replies":[{"embeddable":true,"href":"https:\/\/samy.com\/sv\/wp-json\/wp\/v2\/comments?post=487"}],"version-history":[{"count":0,"href":"https:\/\/samy.com\/sv\/wp-json\/wp\/v2\/pages\/487\/revisions"}],"wp:attachment":[{"href":"https:\/\/samy.com\/sv\/wp-json\/wp\/v2\/media?parent=487"}],"curies":[{"name":"wp","href":"https:\/\/api.w.org\/{rel}","templated":true}]}}