{"id":486,"date":"2025-06-19T21:52:48","date_gmt":"2025-06-19T21:52:48","guid":{"rendered":"https:\/\/samycom.wpenginepowered.com\/?page_id=486"},"modified":"2025-06-19T21:54:09","modified_gmt":"2025-06-19T21:54:09","slug":"cookies-policy","status":"publish","type":"page","link":"https:\/\/samy.com\/sv\/cookies-policy\/","title":{"rendered":"Cookiepolicy"},"content":{"rendered":"<div data-elementor-type=\"wp-page\" data-elementor-id=\"486\" class=\"elementor elementor-486\" data-elementor-post-type=\"page\">\n\t\t\t\t<div class=\"elementor-element elementor-element-707c8fdd e-flex e-con-boxed e-con e-parent\" data-id=\"707c8fdd\" data-element_type=\"container\">\n\t\t\t\t\t<div class=\"e-con-inner\">\n\t\t\t\t<div class=\"elementor-element elementor-element-da21d9c elementor-widget elementor-widget-heading\" data-id=\"da21d9c\" data-element_type=\"widget\" data-widget_type=\"heading.default\">\n\t\t\t\t<div class=\"elementor-widget-container\">\n\t\t\t\t\t<h1 class=\"elementor-heading-title elementor-size-default\">Cookiepolicy<\/h1>\t\t\t\t<\/div>\n\t\t\t\t<\/div>\n\t\t\t\t<div class=\"elementor-element elementor-element-3ccb339d elementor-widget elementor-widget-text-editor\" data-id=\"3ccb339d\" data-element_type=\"widget\" data-widget_type=\"text-editor.default\">\n\t\t\t\t<div class=\"elementor-widget-container\">\n\t\t\t\t\t\t\t\t\t<p><strong>Vad \u00e4r cookies?<\/strong>: Cookies \u00e4r filer som skickas till webbl\u00e4saren, via en webbserver, f\u00f6r att registrera anv\u00e4ndarnas aktiviteter under deras surftid och interaktion med v\u00e5r webbplats.<\/p><p><strong>Typer av cookies<\/strong>:<\/p><p>I enlighet med MANAGING ENTITY<\/p><ul class=\"wp-block-list\"><li>Egna (de som skickas fr\u00e5n en utrustning eller dom\u00e4n som hanteras av den personuppgiftsansvarige och fr\u00e5n vilken den tj\u00e4nst som anv\u00e4ndaren beg\u00e4r tillhandah\u00e5lls).<\/li><li>Tredje part (de som skickas fr\u00e5n en utrustning eller dom\u00e4n som inte hanteras av den personuppgiftsansvarige, utan av en annan enhet som behandlar de uppgifter som samlas in via cookies).<\/li><\/ul><p>I enlighet med SYFTET<\/p><ul class=\"wp-block-list\"><li>Tekniska (de som g\u00f6r det m\u00f6jligt f\u00f6r anv\u00e4ndaren att navigera genom en webbsida, plattform eller applikation och anv\u00e4nda de olika alternativen eller tj\u00e4nsterna d\u00e4r).<\/li><li>Personalisering (de som g\u00f6r det m\u00f6jligt att komma ih\u00e5g information s\u00e5 att anv\u00e4ndaren f\u00e5r tillg\u00e5ng till tj\u00e4nsten med vissa egenskaper som kan skilja hans\/hennes upplevelse fr\u00e5n andra anv\u00e4ndares).<\/li><li>Analys (de som g\u00f6r det m\u00f6jligt f\u00f6r den person som ansvarar f\u00f6r cookies att \u00f6vervaka och analysera beteendet hos anv\u00e4ndarna av de webbplatser som de \u00e4r l\u00e4nkade till).<\/li><li>Beteendebaserad reklam (de som lagrar information om anv\u00e4ndarnas beteende, som samlas in genom kontinuerlig observation av deras surfvanor, vilket g\u00f6r det m\u00f6jligt att utveckla en specifik profil f\u00f6r att visa reklam baserad p\u00e5 den).<\/li><li>Sociala medier (de som g\u00f6r det m\u00f6jligt f\u00f6r anv\u00e4ndaren att dela inneh\u00e5ll inom sociala n\u00e4tverk av intresse f\u00f6r honom\/henne).<\/li><\/ul><p>I enlighet med varaktigheten<\/p><ul class=\"wp-block-list\"><li>Best\u00e4ndiga (de d\u00e4r uppgifterna fortfarande lagras i terminalen och kan n\u00e5s under en period som definieras av cookiens controller).<\/li><li>Session (de som \u00e4r utformade f\u00f6r att samla in och lagra data medan anv\u00e4ndaren g\u00e5r in p\u00e5 webben och under tillhandah\u00e5llandet av den beg\u00e4rda tj\u00e4nsten, f\u00f6rsvinner vid slutet av sessionen).<\/li><\/ul><p><strong>Vilka cookies anv\u00e4nder vi?<\/strong>:<\/p><figure class=\"wp-block-table\"><table><tbody><tr><td>Typ<\/td><td>Syfte<\/td><td>Beskrivning<\/td><td>Varaktighet<\/td><\/tr><tr><td>Tredje part<\/td><td>Strikt n\u00f6dv\u00e4ndiga cookies<\/td><td>Denna cookie anv\u00e4nds f\u00f6r att skilja mellan m\u00e4nniskor och robotar. Detta \u00e4r till nytta f\u00f6r webbplatsen, f\u00f6r att kunna g\u00f6ra giltiga rapporter om anv\u00e4ndningen av deras webbplats.<\/td><td>30 minuter<\/td><\/tr><\/tbody><\/table><\/figure><p>Om anv\u00e4ndaren samtycker kan vi ocks\u00e5 anv\u00e4nda:<\/p><figure class=\"wp-block-table\"><table><tbody><tr><td>Typ<\/td><td>Syfte<\/td><td>Beskrivning<\/td><td>Varaktighet<\/td><\/tr><tr><td>\u00c4GARE<\/td><td>Prestanda-cookies: _ga<\/td><td>Detta cookienamn \u00e4r associerat med Google Universal Analytics. Denna cookie anv\u00e4nds f\u00f6r att s\u00e4rskilja unika anv\u00e4ndare genom att tilldela ett slumpm\u00e4ssigt genererat nummer som en klientidentifierare. Den ing\u00e5r i varje sidf\u00f6rfr\u00e5gan p\u00e5 en webbplats och anv\u00e4nds f\u00f6r att ber\u00e4kna bes\u00f6kar-, sessions- och kampanjdata f\u00f6r webbplatsens analysrapporter.<\/td><td>2 \u00e5r<\/td><\/tr><tr><td>\u00c4GARE<\/td><td>Cookies f\u00f6r prestanda: _ga_F0JTCYN5QJ<\/td><td>Denna cookie anv\u00e4nds av Google Analytics f\u00f6r att bevara sessionsstatus.<\/td><td>2 \u00e5r<\/td><\/tr><tr><td>\u00c4GARE<\/td><td>Funktionalitet: pll_language<\/td><td>F\u00f6r att spara spr\u00e5kinst\u00e4llningar.<\/td><td>1 \u00e5r<\/td><\/tr><\/tbody><\/table><\/figure><p><strong>Hur l\u00e4nge sparar vi data som samlas in via cookies?<\/strong>\u00a0I allm\u00e4nhet kommer SAMY ROAD att lagra anv\u00e4ndarens uppgifter under den tid som kr\u00e4vs f\u00f6r de \u00e4ndam\u00e5l f\u00f6r vilka personuppgifterna behandlas enligt vad som fastst\u00e4lls i sekretesspolicyn, i vilket fall som helst kommer SAMY ROAD inte att lagra uppgifter i mer \u00e4n 6 \u00e5r.<\/p><p><strong>Hur hanterar jag cookies?<\/strong>: N\u00e4r anv\u00e4ndaren g\u00e5r in p\u00e5 webbplatsen visas ett meddelande om cookies d\u00e4r anv\u00e4ndaren informeras om hur han eller hon kan godk\u00e4nna eller avvisa installation av cookies. Anv\u00e4ndare kan n\u00e4r som helst avvisa eller konfigurera anv\u00e4ndningen av cookies genom avsnittet\u00a0<a href=\"https:\/\/legal.hubspot.com\/es\/cookie-policy?__hstc=233096769.a1c71adc1cfeae2ee5455a5931a5eeb6.1747852123277.1750351092070.1750368239422.4&amp;__hssc=233096769.2.1750368239422&amp;__hsfp=1213384735\">KONFIGURATION<\/a>.<\/p><p>P\u00e5 samma s\u00e4tt har anv\u00e4ndaren m\u00f6jlighet att konfigurera sin webbl\u00e4sare s\u00e5 att den n\u00e4r som helst avvisar eller raderar cookies. Information om hur de olika webbl\u00e4sarna ska konfigureras med avseende p\u00e5 cookies finns p\u00e5 f\u00f6ljande l\u00e4nkar.<\/p><ul class=\"wp-block-list\"><li><a href=\"https:\/\/support.google.com\/chrome\/answer\/95647?hl=es\">Konfiguration av cookies f\u00f6r Google Chrome<\/a><\/li><li><a href=\"https:\/\/support.mozilla.org\/es\/kb\/cookies-informacion-que-los-sitios-web-guardan-en-?redirectlocale=en-US&amp;redirectslug=Cookies\">Konfiguration av cookies f\u00f6r Mozilla Firefox<\/a><\/li><li><a href=\"https:\/\/support.microsoft.com\/es-es\/topic\/c%C3%B3mo-eliminar-archivos-de-cookies-en-internet-explorer-bca9446f-d873-78de-77ba-d42645fa52fc\">Konfiguration av cookies f\u00f6r Internet Explorer<\/a><\/li><li><a href=\"https:\/\/support.apple.com\/es-es\/HT201265\">Konfiguration av cookies f\u00f6r Safari<\/a><\/li><\/ul><p>Uppdatering: Denna cookiepolicy kan uppdateras p\u00e5 beg\u00e4ran av r\u00e4ttsliga krav eller f\u00f6r att anpassa policyn till de instruktioner som utf\u00e4rdats av dataskyddsmyndigheten. Anv\u00e4ndare rekommenderas att regelbundet bes\u00f6ka denna policy.<\/p><p>Ytterligare information: Om du beh\u00f6ver ytterligare information, v\u00e4nligen bes\u00f6k v\u00e5r\u00a0<a href=\"https:\/\/samy.com\/en\/privacy-policy\/\">Integritetspolicy<\/a>\u00a0eller kontakta oss via ovan n\u00e4mnda kontaktuppgifter.<\/p>\t\t\t\t\t\t\t\t<\/div>\n\t\t\t\t<\/div>\n\t\t\t\t\t<\/div>\n\t\t\t\t<\/div>\n\t\t\t\t<\/div>","protected":false},"excerpt":{"rendered":"<p>Cookies Policy What are cookies?: Cookies are files sent to the browser, through a web server, in order to record the activities of users during their browsing time and interaction with our website. Types of cookies: As per the MANAGING ENTITY Own (those that are sent from an equipment or domain managed by the Data [&hellip;]<\/p>","protected":false},"author":2,"featured_media":0,"parent":0,"menu_order":0,"comment_status":"closed","ping_status":"closed","template":"","meta":{"_acf_changed":false,"om_disable_all_campaigns":false,"_monsterinsights_skip_tracking":false,"_monsterinsights_sitenote_active":false,"_monsterinsights_sitenote_note":"","_monsterinsights_sitenote_category":0,"footnotes":""},"class_list":["post-486","page","type-page","status-publish","hentry"],"acf":[],"aioseo_notices":[],"_links":{"self":[{"href":"https:\/\/samy.com\/sv\/wp-json\/wp\/v2\/pages\/486","targetHints":{"allow":["GET"]}}],"collection":[{"href":"https:\/\/samy.com\/sv\/wp-json\/wp\/v2\/pages"}],"about":[{"href":"https:\/\/samy.com\/sv\/wp-json\/wp\/v2\/types\/page"}],"author":[{"embeddable":true,"href":"https:\/\/samy.com\/sv\/wp-json\/wp\/v2\/users\/2"}],"replies":[{"embeddable":true,"href":"https:\/\/samy.com\/sv\/wp-json\/wp\/v2\/comments?post=486"}],"version-history":[{"count":0,"href":"https:\/\/samy.com\/sv\/wp-json\/wp\/v2\/pages\/486\/revisions"}],"wp:attachment":[{"href":"https:\/\/samy.com\/sv\/wp-json\/wp\/v2\/media?parent=486"}],"curies":[{"name":"wp","href":"https:\/\/api.w.org\/{rel}","templated":true}]}}