{"id":487,"date":"2025-06-19T21:55:06","date_gmt":"2025-06-19T21:55:06","guid":{"rendered":"https:\/\/samycom.wpenginepowered.com\/?page_id=487"},"modified":"2025-06-19T22:00:57","modified_gmt":"2025-06-19T22:00:57","slug":"privacy-policy","status":"publish","type":"page","link":"https:\/\/samy.com\/pt\/privacy-policy\/","title":{"rendered":"Pol\u00edtica de Privacidade"},"content":{"rendered":"<div data-elementor-type=\"wp-page\" data-elementor-id=\"487\" class=\"elementor elementor-487\" data-elementor-post-type=\"page\">\n\t\t\t\t<div class=\"elementor-element elementor-element-c8041e2 e-flex e-con-boxed e-con e-parent\" data-id=\"c8041e2\" data-element_type=\"container\">\n\t\t\t\t\t<div class=\"e-con-inner\">\n\t\t\t\t<div class=\"elementor-element elementor-element-4e36e80 elementor-widget elementor-widget-heading\" data-id=\"4e36e80\" data-element_type=\"widget\" data-widget_type=\"heading.default\">\n\t\t\t\t<div class=\"elementor-widget-container\">\n\t\t\t\t\t<h1 class=\"elementor-heading-title elementor-size-default\">Pol\u00edtica de Privacidade<\/h1>\t\t\t\t<\/div>\n\t\t\t\t<\/div>\n\t\t\t\t<div class=\"elementor-element elementor-element-6718fdc elementor-widget elementor-widget-text-editor\" data-id=\"6718fdc\" data-element_type=\"widget\" data-widget_type=\"text-editor.default\">\n\t\t\t\t<div class=\"elementor-widget-container\">\n\t\t\t\t\t\t\t\t\t<p>1. Informa\u00e7\u00f5es sobre o respons\u00e1vel pelo tratamento de dados<\/p><p>Nome: SAMY ROAD S.L. (\u201cSAMY ROAD\u201d ou \u201co respons\u00e1vel pelo tratamento dos dados\u201d)<\/p><p>Endere\u00e7o: C. de Ulises, 97, 28043, Madrid<\/p><p>C.I.F: B86442852<\/p><p>Contato: para entrar em contato com o respons\u00e1vel pelo tratamento de dados pela SAMY ROAD, o Utilizador pode entrar em contato com o Encarregado da Prote\u00e7\u00e3o de Dados atrav\u00e9s do endere\u00e7o indicado nesta se\u00e7\u00e3o ou e-mail:\u00a0<a href=\"mailto:dpd@samy.com\">dpd@samy.com<\/a>. Com a refer\u00eancia (Ref.: Prote\u00e7\u00e3o de Dados).<\/p><p>2. Informa\u00e7\u00e3o e consentimento para o tratamento de dados pessoais no Website<\/p><p>Geralmente, os utilizadores que utilizam o site fazem-no sem fornecer quaisquer dados pessoais. No entanto, para aceder aos servi\u00e7os, em certos casos, devem fornecer determinados dados pessoais. A SAMY ROAD garante a confidencialidade dos dados pessoais fornecidos pelos utilizadores, conforme estabelecido nos regulamentos de prote\u00e7\u00e3o de dados. Al\u00e9m disso, em alguns casos, ser\u00e3o instalados cookies que podem recolher dados pessoais. Nesses casos, ser\u00e1 notificado antes de entrar no site. Para mais informa\u00e7\u00f5es sobre este assunto, consulte a Pol\u00edtica de Cookies do site.<\/p><p>Os utilizadores s\u00e3o informados de que os dados que possam enviar \u00e0 SAMY ROAD ser\u00e3o inclu\u00eddos num ficheiro de sua propriedade, com o objetivo de responder \u00e0s suas consultas e pedidos e, caso tenham dado o seu consentimento, enviar informa\u00e7\u00f5es comerciais por meios telem\u00e1ticos sobre conte\u00fados e produtos da SAMY ROAD ou de empresas pertencentes ao mesmo grupo empresarial. Quando apropriado, procederemos tamb\u00e9m \u00e0 gest\u00e3o do ficheiro para candidaturas de emprego, caso o utilizador preencha o formul\u00e1rio.<\/p><p>O tratamento de dados \u00e9 l\u00edcito de acordo com os seguintes fundamentos:<\/p><ul class=\"wp-block-list\"><li>An\u00e1lise de navega\u00e7\u00e3o do utilizador<\/li><\/ul><p>Consentimento do utilizador para a instala\u00e7\u00e3o de cookies (ver Pol\u00edtica de Cookies).<\/p><ul class=\"wp-block-list\"><li>Envio de comunica\u00e7\u00f5es comerciais<\/li><\/ul><p>Consentimento do utilizador ao preencher o formul\u00e1rio no site e marcar a caixa para aceitar comunica\u00e7\u00f5es comerciais.<\/p><ul class=\"wp-block-list\"><li>Candidaturas a empregos<\/li><\/ul><p>Consentimento do utilizador atrav\u00e9s do preenchimento do formul\u00e1rio no site.<\/p><p>Caso tenha dado consentimento expresso para o envio de comunica\u00e7\u00f5es comerciais, a SAMY ROAD informa o utilizador que pode cancelar a subscri\u00e7\u00e3o dessas comunica\u00e7\u00f5es, seguindo as instru\u00e7\u00f5es que aparecem no final de todos os nossos e-mails.<\/p><p>Os dados pessoais fornecidos pelo Utilizador podem ser comunicados a outras empresas do Grupo SAMY ROAD (<a href=\"https:\/\/samy.com\/en\/agencies\/\">https:\/\/samy.com\/en\/agencies\/<\/a>) se for necess\u00e1rio para os fins acima mencionados.<\/p><p>Da mesma forma, os dados pessoais podem ser comunicados \u00e0s autoridades fiscais, \u00e0s autoridades de controlo da prote\u00e7\u00e3o de dados (por exemplo, a Ag\u00eancia Espanhola de Prote\u00e7\u00e3o de Dados), \u00e0s for\u00e7as e corpos de seguran\u00e7a do Estado, aos ju\u00edzes e aos tribunais, se tal for exigido ou necess\u00e1rio.<\/p><p>O tratamento acima descrito pode envolver a transfer\u00eancia internacional dos seus dados para fornecedores que podem residir em pa\u00edses terceiros ou ter servidores nessas localiza\u00e7\u00f5es. Al\u00e9m das decis\u00f5es de adequa\u00e7\u00e3o da Comiss\u00e3o com pa\u00edses terceiros, a SAMY ROAD assegurou a exist\u00eancia de acordos relativos a estas transfer\u00eancias de dados e implementou medidas, tais como cl\u00e1usulas contratuais padr\u00e3o, para garantir esses fluxos de dados, assegurando assim o cumprimento dos regulamentos de prote\u00e7\u00e3o de dados.<\/p><p>3. Medidas de seguran\u00e7a<\/p><p>A SAMY ROAD informa que implementou as medidas de seguran\u00e7a t\u00e9cnicas e organizacionais necess\u00e1rias para garantir a seguran\u00e7a dos seus dados pessoais e impedir a sua altera\u00e7\u00e3o, perda e tratamento e\/ou acesso n\u00e3o autorizado, tendo em conta o estado da tecnologia, a natureza dos dados armazenados e os riscos a que est\u00e3o expostos, quer provenham da a\u00e7\u00e3o humana, quer do ambiente f\u00edsico ou natural. A SAMY ROAD mant\u00e9m constantemente a supervis\u00e3o, o controlo e a avalia\u00e7\u00e3o dos processos para garantir o respeito pela privacidade dos dados.<\/p><p>4. Per\u00edodos de conserva\u00e7\u00e3o dos dados<\/p><p>Em geral, a SAMY ROAD manter\u00e1 as informa\u00e7\u00f5es pessoais dos Utilizadores durante o per\u00edodo necess\u00e1rio para cumprir os objetivos descritos nesta Pol\u00edtica de Privacidade, por um per\u00edodo m\u00e1ximo de 6 anos.<\/p><p>Os dados dos utilizadores do Website ser\u00e3o mantidos pela SAMY ROAD enquanto estiverem registados e, uma vez solicitado o cancelamento, ser\u00e3o mantidos para efeitos de poss\u00edveis responsabilidades decorrentes do tratamento at\u00e9 ao prazo de prescri\u00e7\u00e3o das mesmas, momento em que os propriet\u00e1rios do Website proceder\u00e3o \u00e0 sua elimina\u00e7\u00e3o.<\/p><p>5. Exerc\u00edcio dos direitos do titular dos dados (acesso, retifica\u00e7\u00e3o, oposi\u00e7\u00e3o, apagamento, limita\u00e7\u00e3o do tratamento e, quando aplic\u00e1vel, portabilidade dos dados).<\/p><p>Os utilizadores podem contactar a SAMY ROAD para exercer os seus direitos de acesso, retifica\u00e7\u00e3o, oposi\u00e7\u00e3o, elimina\u00e7\u00e3o, limita\u00e7\u00e3o do tratamento e, quando aplic\u00e1vel, portabilidade dos dados inclu\u00eddos nos seus ficheiros.<\/p><p>Em qualquer caso, o utilizador pode retirar o consentimento para o tratamento dos seus dados a qualquer momento, sem afetar a legalidade do tratamento com base no consentimento antes da sua retirada.<\/p><p>Para tal, deve enviar uma carta identificada com a refer\u00eancia (Ref. Prote\u00e7\u00e3o de Dados) na qual especifique o pedido correspondente para o seguinte endere\u00e7o: SAMY ROAD, C. de Ulises, 97, 28043, Madrid. Ou enviando documenta\u00e7\u00e3o id\u00eantica para o seguinte endere\u00e7o de e-mail: dpd@samy.com.<\/p><p>Para garantir o cumprimento da prote\u00e7\u00e3o de dados, o titular dos dados ter\u00e1 o direito de reclamar \u00e0 Ag\u00eancia Espanhola de Prote\u00e7\u00e3o de Dados (AEPD) sobre a viola\u00e7\u00e3o da lei SAMY ROAD.<\/p><p>6. Dados fornecidos por terceiros<\/p><p>A SAMY ROAD solicita aos Utilizadores que evitem comunicar, atrav\u00e9s de qualquer sistema, aplica\u00e7\u00e3o, meio ou formato, dados pessoais de terceiros. No entanto, caso a comunica\u00e7\u00e3o feita \u00e0 SAMY ROAD no Website inclua dados pessoais de pessoas que n\u00e3o s\u00e3o titulares desses dados, o Utilizador garante que informou essas pessoas sobre os pontos contidos nos par\u00e1grafos anteriores e obteve o seu consentimento em conformidade com os regulamentos sobre prote\u00e7\u00e3o de dados. Circunst\u00e2ncia que declara ter cumprido ao aceitar as presentes condi\u00e7\u00f5es.<\/p><p>O Utilizador ser\u00e1 respons\u00e1vel perante a SAMY ROAD ou terceiros por quaisquer danos que possam ser causados como resultado da viola\u00e7\u00e3o das declara\u00e7\u00f5es acima.<\/p><p>7. Veracidade, exatid\u00e3o e atualiza\u00e7\u00e3o dos dados<\/p><p>Os dados fornecidos pelo Utilizador devem ser verdadeiros, precisos, completos e atualizados. Em caso de qualquer modifica\u00e7\u00e3o e\/ou varia\u00e7\u00e3o em qualquer um dos dados existentes na nossa base de dados, em particular os relativos a pessoas de contacto, solicitamos que nos informe sobre essa circunst\u00e2ncia, a fim de os atualizarmos.<\/p><p>8. Lei aplic\u00e1vel e jurisdi\u00e7\u00e3o<\/p><p>As rela\u00e7\u00f5es estabelecidas entre o Utilizador e a SAMY ROAD ser\u00e3o regidas pela legisla\u00e7\u00e3o espanhola. No entanto, nos casos em que a regulamenta\u00e7\u00e3o preveja a possibilidade de as partes se submeterem a uma jurisdi\u00e7\u00e3o, o Utilizador e a SAMY ROAD, renunciando expressamente a qualquer outra jurisdi\u00e7\u00e3o que possa ser aplic\u00e1vel, submetem quaisquer disputas e\/ou lit\u00edgios ao conhecimento dos Tribunais da cidade de Madrid.<\/p>\t\t\t\t\t\t\t\t<\/div>\n\t\t\t\t<\/div>\n\t\t\t\t\t<\/div>\n\t\t\t\t<\/div>\n\t\t\t\t<\/div>","protected":false},"excerpt":{"rendered":"<p>Privacy Policy 1. Information about data controller Name: SAMY ROAD S.L. (\u201cSAMY ROAD\u201d or \u201cthe data controller\u201d) Address: C. de Ulises, 97, 28043, Madrid C.I.F: B86442852 Contact: to contact the controller about the use of data processing by SAMY ROAD, the User may contact the Data Protection Officer through the address indicated in this section [&hellip;]<\/p>","protected":false},"author":2,"featured_media":0,"parent":0,"menu_order":0,"comment_status":"closed","ping_status":"closed","template":"","meta":{"_acf_changed":false,"om_disable_all_campaigns":false,"_monsterinsights_skip_tracking":false,"_monsterinsights_sitenote_active":false,"_monsterinsights_sitenote_note":"","_monsterinsights_sitenote_category":0,"footnotes":""},"class_list":["post-487","page","type-page","status-publish","hentry"],"acf":[],"aioseo_notices":[],"_links":{"self":[{"href":"https:\/\/samy.com\/pt\/wp-json\/wp\/v2\/pages\/487","targetHints":{"allow":["GET"]}}],"collection":[{"href":"https:\/\/samy.com\/pt\/wp-json\/wp\/v2\/pages"}],"about":[{"href":"https:\/\/samy.com\/pt\/wp-json\/wp\/v2\/types\/page"}],"author":[{"embeddable":true,"href":"https:\/\/samy.com\/pt\/wp-json\/wp\/v2\/users\/2"}],"replies":[{"embeddable":true,"href":"https:\/\/samy.com\/pt\/wp-json\/wp\/v2\/comments?post=487"}],"version-history":[{"count":0,"href":"https:\/\/samy.com\/pt\/wp-json\/wp\/v2\/pages\/487\/revisions"}],"wp:attachment":[{"href":"https:\/\/samy.com\/pt\/wp-json\/wp\/v2\/media?parent=487"}],"curies":[{"name":"wp","href":"https:\/\/api.w.org\/{rel}","templated":true}]}}