{"id":487,"date":"2025-06-19T21:55:06","date_gmt":"2025-06-19T21:55:06","guid":{"rendered":"https:\/\/samycom.wpenginepowered.com\/?page_id=487"},"modified":"2025-06-19T22:00:57","modified_gmt":"2025-06-19T22:00:57","slug":"privacy-policy","status":"publish","type":"page","link":"https:\/\/samy.com\/pl\/privacy-policy\/","title":{"rendered":"Polityka prywatno\u015bci"},"content":{"rendered":"<div data-elementor-type=\"wp-page\" data-elementor-id=\"487\" class=\"elementor elementor-487\" data-elementor-post-type=\"page\">\n\t\t\t\t<div class=\"elementor-element elementor-element-c8041e2 e-flex e-con-boxed e-con e-parent\" data-id=\"c8041e2\" data-element_type=\"container\">\n\t\t\t\t\t<div class=\"e-con-inner\">\n\t\t\t\t<div class=\"elementor-element elementor-element-4e36e80 elementor-widget elementor-widget-heading\" data-id=\"4e36e80\" data-element_type=\"widget\" data-widget_type=\"heading.default\">\n\t\t\t\t<div class=\"elementor-widget-container\">\n\t\t\t\t\t<h1 class=\"elementor-heading-title elementor-size-default\">Polityka prywatno\u015bci<\/h1>\t\t\t\t<\/div>\n\t\t\t\t<\/div>\n\t\t\t\t<div class=\"elementor-element elementor-element-6718fdc elementor-widget elementor-widget-text-editor\" data-id=\"6718fdc\" data-element_type=\"widget\" data-widget_type=\"text-editor.default\">\n\t\t\t\t<div class=\"elementor-widget-container\">\n\t\t\t\t\t\t\t\t\t<p>1. Informacje o administratorze danych<\/p><p>Nazwa: SAMY ROAD S.L. (\u201cSAMY ROAD\u201d lub \u201cadministrator danych\u201d)<\/p><p>Adres: C. de Ulises, 97, 28043, Madryt<\/p><p>Numer identyfikacyjny CIF: B86442852<\/p><p>Kontakt: aby skontaktowa\u0107 si\u0119 z administratorem w sprawie wykorzystania danych przez SAMY ROAD, U\u017cytkownik mo\u017ce skontaktowa\u0107 si\u0119 z inspektorem ochrony danych, korzystaj\u0105c z adresu podanego w niniejszej sekcji lub wysy\u0142aj\u0105c wiadomo\u015b\u0107 e-mail na adres:\u00a0<a href=\"mailto:dpd@samy.com\">dpd@samy.com<\/a>. Z odniesieniem (Ref: Ochrona danych).<\/p><p>2. Informacje i zgoda na przetwarzanie danych osobowych w Witrynie internetowej<\/p><p>Zasadniczo u\u017cytkownicy korzystaj\u0105 z witryny internetowej bez podawania jakichkolwiek danych osobowych. Jednak\u017ce w niekt\u00f3rych przypadkach, aby uzyska\u0107 dost\u0119p do us\u0142ug, musz\u0105 poda\u0107 okre\u015blone dane osobowe. SAMY ROAD gwarantuje poufno\u015b\u0107 danych osobowych podanych przez u\u017cytkownik\u00f3w, zgodnie z przepisami dotycz\u0105cymi ochrony danych. Ponadto w niekt\u00f3rych przypadkach instalowane s\u0105 pliki cookie, kt\u00f3re mog\u0105 gromadzi\u0107 dane osobowe. W takich przypadkach u\u017cytkownik zostanie o tym poinformowany przed wej\u015bciem na stron\u0119 internetow\u0105. Wi\u0119cej informacji na ten temat mo\u017cna znale\u017a\u0107 w polityce dotycz\u0105cej plik\u00f3w cookie na stronie internetowej.<\/p><p>Informujemy u\u017cytkownik\u00f3w, \u017ce dane, kt\u00f3re mog\u0105 przes\u0142a\u0107 do SAMY ROAD, zostan\u0105 umieszczone w pliku nale\u017c\u0105cym do tej firmy w celu udzielenia odpowiedzi na ich pytania i pro\u015bby oraz, je\u015bli wyrazili na to zgod\u0119, wysy\u0142ania drog\u0105 elektroniczn\u0105 informacji handlowych dotycz\u0105cych tre\u015bci i produkt\u00f3w nale\u017c\u0105cych do SAMY ROAD lub firm nale\u017c\u0105cych do tej samej grupy biznesowej. W stosownych przypadkach b\u0119dziemy r\u00f3wnie\u017c zarz\u0105dza\u0107 plikiem zawieraj\u0105cym podania o prac\u0119, je\u015bli u\u017cytkownik wype\u0142ni formularz.<\/p><p>Przetwarzanie danych jest zgodne z prawem na podstawie nast\u0119puj\u0105cych przes\u0142anek:<\/p><ul class=\"wp-block-list\"><li>Analiza przegl\u0105dania stron przez u\u017cytkownik\u00f3w<\/li><\/ul><p>Zgoda u\u017cytkownika na instalacj\u0119 plik\u00f3w cookie (patrz Polityka plik\u00f3w cookie).<\/p><ul class=\"wp-block-list\"><li>Wysy\u0142anie informacji handlowych<\/li><\/ul><p>Zgoda u\u017cytkownika poprzez wype\u0142nienie formularza na stronie internetowej i zaznaczenie pola akceptacji komunikat\u00f3w handlowych.<\/p><ul class=\"wp-block-list\"><li>Podania o prac\u0119<\/li><\/ul><p>Zgoda u\u017cytkownika poprzez wype\u0142nienie formularza na stronie internetowej.<\/p><p>W przypadku wyra\u017cenia wyra\u017anej zgody na otrzymywanie informacji handlowych, SAMY ROAD informuje u\u017cytkownika, \u017ce mo\u017ce on zrezygnowa\u0107 z otrzymywania takich informacji, post\u0119puj\u0105c zgodnie z instrukcjami zamieszczonymi na ko\u0144cu wszystkich naszych wiadomo\u015bci e-mail.<\/p><p>Dane osobowe przekazane przez U\u017cytkownika mog\u0105 by\u0107 przekazywane innym sp\u00f3\u0142kom z grupy SAMY ROAD (<a href=\"https:\/\/samy.com\/en\/agencies\/\">https:\/\/samy.com\/en\/agencies\/<\/a>) je\u015bli jest to konieczne do realizacji wy\u017cej wymienionych cel\u00f3w.<\/p><p>Podobnie dane osobowe mog\u0105 by\u0107 przekazywane organom podatkowym, organom kontroli ochrony danych (np. hiszpa\u0144skiej agencji ochrony danych), pa\u0144stwowym organom bezpiecze\u0144stwa, s\u0119dziom i s\u0105dom, je\u015bli jest to wymagane lub konieczne.<\/p><p>Opisane powy\u017cej przetwarzanie mo\u017ce wi\u0105za\u0107 si\u0119 z mi\u0119dzynarodowym przekazywaniem danych u\u017cytkownika do dostawc\u00f3w, kt\u00f3rzy mog\u0105 mie\u0107 siedzib\u0119 w pa\u0144stwach trzecich lub posiada\u0107 serwery w takich lokalizacjach. Opr\u00f3cz decyzji Komisji dotycz\u0105cych adekwatno\u015bci w odniesieniu do pa\u0144stw trzecich, firma SAMY ROAD zapewni\u0142a zawarcie um\u00f3w dotycz\u0105cych przekazywania danych oraz wdro\u017cy\u0142a \u015brodki, takie jak standardowe klauzule umowne, w celu zagwarantowania przep\u0142ywu danych, zapewniaj\u0105c w ten spos\u00f3b zgodno\u015b\u0107 z przepisami dotycz\u0105cymi ochrony danych.<\/p><p>3. \u015arodki bezpiecze\u0144stwa<\/p><p>SAMY ROAD informuje, \u017ce wdro\u017cy\u0142a niezb\u0119dne techniczne i organizacyjne \u015brodki bezpiecze\u0144stwa w celu zapewnienia bezpiecze\u0144stwa danych osobowych u\u017cytkownik\u00f3w oraz zapobiegania ich zmianom, utracie i przetwarzaniu oraz\/lub nieuprawnionemu dost\u0119powi, bior\u0105c pod uwag\u0119 stan technologii, charakter przechowywanych danych oraz ryzyko, na jakie s\u0105 one nara\u017cone, zar\u00f3wno ze strony cz\u0142owieka, jak i \u015brodowiska fizycznego lub naturalnego. SAMY ROAD stale nadzoruje, kontroluje i ocenia procesy w celu zapewnienia poszanowania prywatno\u015bci danych.<\/p><p>4. Okresy przechowywania danych<\/p><p>Og\u00f3lnie rzecz bior\u0105c, SAMY ROAD b\u0119dzie przechowywa\u0107 dane osobowe u\u017cytkownik\u00f3w przez okres niezb\u0119dny do realizacji cel\u00f3w opisanych w niniejszej Polityce prywatno\u015bci, maksymalnie przez 6 lat.<\/p><p>Dane u\u017cytkownik\u00f3w serwisu internetowego b\u0119d\u0105 przechowywane przez SAMY ROAD przez okres ich rejestracji, a po z\u0142o\u017ceniu wniosku o anulowanie b\u0119d\u0105 przechowywane na wypadek ewentualnych zobowi\u0105za\u0144 wynikaj\u0105cych z przetwarzania danych do momentu up\u0142ywu terminu przedawnienia, po czym w\u0142a\u015bciciele serwisu internetowego przyst\u0105pi\u0105 do ich usuni\u0119cia.<\/p><p>5. Wykonywanie praw osoby, kt\u00f3rej dane dotycz\u0105 (dost\u0119p, sprostowanie, sprzeciw, usuni\u0119cie, ograniczenie przetwarzania oraz, w stosownych przypadkach, przenoszenie danych).<\/p><p>U\u017cytkownicy mog\u0105 skontaktowa\u0107 si\u0119 z SAMY ROAD w celu skorzystania z prawa dost\u0119pu, sprostowania, sprzeciwu, usuni\u0119cia, ograniczenia przetwarzania oraz, w stosownych przypadkach, przenoszenia danych zawartych w ich plikach.<\/p><p>W ka\u017cdym przypadku u\u017cytkownik mo\u017ce w dowolnym momencie wycofa\u0107 zgod\u0119 na przetwarzanie swoich danych, bez wp\u0142ywu na zgodno\u015b\u0107 z prawem przetwarzania dokonanego na podstawie zgody przed jej wycofaniem.<\/p><p>W tym celu nale\u017cy wys\u0142a\u0107 pismo opatrzone odniesieniem (Ref. Ochrona danych), w kt\u00f3rym nale\u017cy okre\u015bli\u0107 odpowiedni wniosek, na nast\u0119puj\u0105cy adres: SAMY ROAD, C. de Ulises, 97, 28043, Madryt. Lub wysy\u0142aj\u0105c identyczn\u0105 dokumentacj\u0119 na nast\u0119puj\u0105cy adres e-mail: dpd@samy.com.<\/p><p>W celu zapewnienia zgodno\u015bci z przepisami dotycz\u0105cymi ochrony danych osoba, kt\u00f3rej dane dotycz\u0105, ma prawo z\u0142o\u017cy\u0107 skarg\u0119 do Hiszpa\u0144skiej Agencji Ochrony Danych (AEPD) w sprawie naruszenia przepis\u00f3w przez SAMY ROAD.<\/p><p>6. Dane dostarczone przez osoby trzecie<\/p><p>SAMY ROAD prosi u\u017cytkownik\u00f3w o unikanie przekazywania danych osobowych os\u00f3b trzecich za po\u015brednictwem jakiegokolwiek systemu, aplikacji, no\u015bnika lub formatu. Jednak\u017ce w przypadku, gdy komunikacja przekazana SAMY ROAD za po\u015brednictwem strony internetowej zawiera\u0142a dane osobowe os\u00f3b, kt\u00f3re nie s\u0105 w posiadaniu takich danych, u\u017cytkownik gwarantuje, \u017ce poinformowa\u0142 te osoby o punktach zawartych w poprzednich akapitach i uzyska\u0142 ich zgod\u0119 zgodnie z przepisami dotycz\u0105cymi ochrony danych. Okoliczno\u015b\u0107, kt\u00f3r\u0105 u\u017cytkownik potwierdza, akceptuj\u0105c niniejsze warunki.<\/p><p>U\u017cytkownik ponosi odpowiedzialno\u015b\u0107 wobec SAMY ROAD lub os\u00f3b trzecich za wszelkie szkody, kt\u00f3re mog\u0105 powsta\u0107 w wyniku naruszenia powy\u017cszych o\u015bwiadcze\u0144.<\/p><p>7. Prawdziwo\u015b\u0107, dok\u0142adno\u015b\u0107 i aktualizacja danych<\/p><p>Dane podane przez U\u017cytkownika musz\u0105 by\u0107 prawdziwe, dok\u0142adne, kompletne i aktualne. W przypadku jakichkolwiek zmian i\/lub modyfikacji w danych znajduj\u0105cych si\u0119 w naszej bazie, w szczeg\u00f3lno\u015bci dotycz\u0105cych os\u00f3b kontaktowych, prosimy o poinformowanie nas o tym fakcie w celu aktualizacji danych.<\/p><p>8. Obowi\u0105zuj\u0105ce prawo i jurysdykcja<\/p><p>Stosunki mi\u0119dzy U\u017cytkownikiem a SAMY ROAD podlegaj\u0105 prawu hiszpa\u0144skiemu. Jednak\u017ce w przypadkach, w kt\u00f3rych przepisy przewiduj\u0105 mo\u017cliwo\u015b\u0107 poddania si\u0119 jurysdykcji, U\u017cytkownik i SAMY ROAD, wyra\u017anie zrzekaj\u0105c si\u0119 wszelkiej innej jurysdykcji, kt\u00f3ra mog\u0142aby mie\u0107 zastosowanie, poddaj\u0105 wszelkie spory i\/lub post\u0119powania s\u0105dowe jurysdykcji s\u0105d\u00f3w i trybuna\u0142\u00f3w miasta Madrytu.<\/p>\t\t\t\t\t\t\t\t<\/div>\n\t\t\t\t<\/div>\n\t\t\t\t\t<\/div>\n\t\t\t\t<\/div>\n\t\t\t\t<\/div>","protected":false},"excerpt":{"rendered":"<p>Privacy Policy 1. Information about data controller Name: SAMY ROAD S.L. (\u201cSAMY ROAD\u201d or \u201cthe data controller\u201d) Address: C. de Ulises, 97, 28043, Madrid C.I.F: B86442852 Contact: to contact the controller about the use of data processing by SAMY ROAD, the User may contact the Data Protection Officer through the address indicated in this section [&hellip;]<\/p>","protected":false},"author":2,"featured_media":0,"parent":0,"menu_order":0,"comment_status":"closed","ping_status":"closed","template":"","meta":{"_acf_changed":false,"om_disable_all_campaigns":false,"_monsterinsights_skip_tracking":false,"_monsterinsights_sitenote_active":false,"_monsterinsights_sitenote_note":"","_monsterinsights_sitenote_category":0,"footnotes":""},"class_list":["post-487","page","type-page","status-publish","hentry"],"acf":[],"aioseo_notices":[],"_links":{"self":[{"href":"https:\/\/samy.com\/pl\/wp-json\/wp\/v2\/pages\/487","targetHints":{"allow":["GET"]}}],"collection":[{"href":"https:\/\/samy.com\/pl\/wp-json\/wp\/v2\/pages"}],"about":[{"href":"https:\/\/samy.com\/pl\/wp-json\/wp\/v2\/types\/page"}],"author":[{"embeddable":true,"href":"https:\/\/samy.com\/pl\/wp-json\/wp\/v2\/users\/2"}],"replies":[{"embeddable":true,"href":"https:\/\/samy.com\/pl\/wp-json\/wp\/v2\/comments?post=487"}],"version-history":[{"count":0,"href":"https:\/\/samy.com\/pl\/wp-json\/wp\/v2\/pages\/487\/revisions"}],"wp:attachment":[{"href":"https:\/\/samy.com\/pl\/wp-json\/wp\/v2\/media?parent=487"}],"curies":[{"name":"wp","href":"https:\/\/api.w.org\/{rel}","templated":true}]}}