{"id":487,"date":"2025-06-19T21:55:06","date_gmt":"2025-06-19T21:55:06","guid":{"rendered":"https:\/\/samycom.wpenginepowered.com\/?page_id=487"},"modified":"2025-06-19T22:00:57","modified_gmt":"2025-06-19T22:00:57","slug":"privacy-policy","status":"publish","type":"page","link":"https:\/\/samy.com\/fi\/privacy-policy\/","title":{"rendered":"Tietosuojak\u00e4yt\u00e4nt\u00f6jen mukaisesti"},"content":{"rendered":"<div data-elementor-type=\"wp-page\" data-elementor-id=\"487\" class=\"elementor elementor-487\" data-elementor-post-type=\"page\">\n\t\t\t\t<div class=\"elementor-element elementor-element-c8041e2 e-flex e-con-boxed e-con e-parent\" data-id=\"c8041e2\" data-element_type=\"container\">\n\t\t\t\t\t<div class=\"e-con-inner\">\n\t\t\t\t<div class=\"elementor-element elementor-element-4e36e80 elementor-widget elementor-widget-heading\" data-id=\"4e36e80\" data-element_type=\"widget\" data-widget_type=\"heading.default\">\n\t\t\t\t<div class=\"elementor-widget-container\">\n\t\t\t\t\t<h1 class=\"elementor-heading-title elementor-size-default\">Tietosuojak\u00e4yt\u00e4nt\u00f6jen mukaisesti<\/h1>\t\t\t\t<\/div>\n\t\t\t\t<\/div>\n\t\t\t\t<div class=\"elementor-element elementor-element-6718fdc elementor-widget elementor-widget-text-editor\" data-id=\"6718fdc\" data-element_type=\"widget\" data-widget_type=\"text-editor.default\">\n\t\t\t\t<div class=\"elementor-widget-container\">\n\t\t\t\t\t\t\t\t\t<p>1. Tietoja rekisterinpit\u00e4j\u00e4st\u00e4<\/p><p>Nimi: SAMY ROAD S.L. (\u201cSAMY ROAD\u201d tai \u201crekisterinpit\u00e4j\u00e4\u201d)<\/p><p>Osoite: C. de Ulises, 97, 28043, Madrid<\/p><p>C.I.F: B86442852<\/p><p>Yhteystiedot: Jos k\u00e4ytt\u00e4j\u00e4 haluaa ottaa yhteytt\u00e4 rekisterinpit\u00e4j\u00e4\u00e4n SAMY ROADin tietojen k\u00e4sittelyst\u00e4, h\u00e4n voi ottaa yhteytt\u00e4 tietosuojavastaavaan t\u00e4ss\u00e4 osiossa ilmoitetun osoitteen kautta tai s\u00e4hk\u00f6postitse:\u00a0<a href=\"mailto:dpd@samy.com\">dpd@samy.com<\/a>. Viitteell\u00e4 (Viite: Tietosuoja).<\/p><p>2. Tiedot ja suostumus henkil\u00f6tietojen k\u00e4sittelyyn verkkosivustolla<\/p><p>Yleens\u00e4 k\u00e4ytt\u00e4j\u00e4t k\u00e4ytt\u00e4v\u00e4t verkkosivustoa antamatta henkil\u00f6tietojaan. Jotta he voivat k\u00e4ytt\u00e4\u00e4 palveluja, heid\u00e4n on kuitenkin joissakin tapauksissa annettava tiettyj\u00e4 henkil\u00f6tietoja. SAMY ROAD takaa k\u00e4ytt\u00e4jien antamien henkil\u00f6tietojen luottamuksellisuuden tietosuojas\u00e4\u00e4nn\u00f6sten mukaisesti. Lis\u00e4ksi joissakin tapauksissa asennetaan ev\u00e4steit\u00e4, jotka voivat ker\u00e4t\u00e4 henkil\u00f6tietoja. N\u00e4iss\u00e4 tapauksissa sinulle ilmoitetaan asiasta ennen verkkosivustolle siirtymist\u00e4. Lis\u00e4tietoja t\u00e4st\u00e4 on verkkosivuston ev\u00e4stek\u00e4yt\u00e4nn\u00f6ss\u00e4.<\/p><p>K\u00e4ytt\u00e4jille ilmoitetaan, ett\u00e4 heid\u00e4n SAMY ROADille l\u00e4hett\u00e4m\u00e4t tiedot tallennetaan heid\u00e4n omistamaansa tiedostoon, jotta voimme vastata heid\u00e4n kysymyksiins\u00e4 ja pyynt\u00f6ihins\u00e4 ja, jos he ovat antaneet suostumuksensa, l\u00e4hett\u00e4\u00e4 s\u00e4hk\u00f6isesti kaupallista tietoa SAMY ROADin tai samaan liiketoimintaryhm\u00e4\u00e4n kuuluvien yritysten omistamista sis\u00e4ll\u00f6ist\u00e4 ja tuotteista. Tarvittaessa k\u00e4sittelemme my\u00f6s ty\u00f6nhakemuksia koskevaa tiedostoa, jos k\u00e4ytt\u00e4j\u00e4 t\u00e4ytt\u00e4\u00e4 lomakkeen.<\/p><p>Tietojen k\u00e4sittely on lainmukaista seuraavien perusteiden mukaisesti:<\/p><ul class=\"wp-block-list\"><li>K\u00e4ytt\u00e4jien selausanalyysi<\/li><\/ul><p>K\u00e4ytt\u00e4j\u00e4n suostumus ev\u00e4steiden asentamiseen (katso Ev\u00e4stek\u00e4yt\u00e4nt\u00f6).<\/p><ul class=\"wp-block-list\"><li>Kaupallisten viestien l\u00e4hett\u00e4minen<\/li><\/ul><p>K\u00e4ytt\u00e4j\u00e4n suostumus t\u00e4ytt\u00e4m\u00e4ll\u00e4 lomake verkkosivustolla ja valitsemalla ruutu kaupallisten viestien hyv\u00e4ksymiseksi.<\/p><ul class=\"wp-block-list\"><li>Ty\u00f6hakemukset<\/li><\/ul><p>K\u00e4ytt\u00e4j\u00e4n suostumus t\u00e4ytt\u00e4m\u00e4ll\u00e4 lomake verkkosivustolla.<\/p><p>Jos olet nimenomaisesti antanut suostumuksesi kaupallisten viestien l\u00e4hett\u00e4miseen, SAMY ROAD ilmoittaa k\u00e4ytt\u00e4j\u00e4lle, ett\u00e4 voit peruuttaa t\u00e4llaiset viestit seuraamalla ohjeita, jotka l\u00f6ytyv\u00e4t kaikkien s\u00e4hk\u00f6postiviestiemme lopusta.<\/p><p>K\u00e4ytt\u00e4j\u00e4n antamat henkil\u00f6tiedot voidaan v\u00e4litt\u00e4\u00e4 muille SAMY ROAD -konsernin yrityksille (<a href=\"https:\/\/samy.com\/en\/agencies\/\">https:\/\/samy.com\/en\/agencies\/<\/a>), jos se on tarpeen edell\u00e4 mainittuja tarkoituksia varten.<\/p><p>Samoin henkil\u00f6tiedot voidaan v\u00e4litt\u00e4\u00e4 veroviranomaisille, tietosuojaviranomaisille (esim. Espanjan tietosuojavirasto), valtion turvallisuusjoukoille ja -elimille, tuomareille ja tuomioistuimille, jos se on tarpeen tai v\u00e4ltt\u00e4m\u00e4t\u00f6nt\u00e4.<\/p><p>Edell\u00e4 kuvattu k\u00e4sittely voi edellytt\u00e4\u00e4 tietojesi kansainv\u00e4list\u00e4 siirtoa palveluntarjoajille, jotka voivat sijaita kolmansissa maissa tai joilla voi olla palvelimia t\u00e4llaisissa paikoissa. Komission kolmansia maita koskevien riitt\u00e4vyysp\u00e4\u00e4t\u00f6sten lis\u00e4ksi SAMY ROAD on varmistanut, ett\u00e4 n\u00e4it\u00e4 tiedonsiirtoja koskevat sopimukset ovat voimassa, ja toteuttanut toimenpiteit\u00e4, kuten vakiomuotoiset sopimuslausekkeet, t\u00e4llaisten tietovirtojen takaamiseksi ja siten varmistaakseen tietosuojam\u00e4\u00e4r\u00e4ysten noudattamisen.<\/p><p>3. Turvallisuustoimenpiteet<\/p><p>SAMY ROAD ilmoittaa, ett\u00e4 se on toteuttanut tarvittavat tekniset ja organisatoriset turvatoimet varmistaakseen henkil\u00f6tietojesi turvallisuuden ja est\u00e4\u00e4kseen niiden muuttamisen, katoamisen ja k\u00e4sittelyn ja\/tai luvattoman k\u00e4yt\u00f6n, ottaen huomioon tekniikan tason, tallennettujen tietojen luonteen ja riskit, joille ne ovat alttiina, olivatpa ne ihmisen toimista tai fyysisest\u00e4 tai luonnollisesta ymp\u00e4rist\u00f6st\u00e4 johtuvia. SAMY ROAD valvoo, tarkkailee ja arvioi jatkuvasti prosesseja varmistaakseen tietosuojan noudattamisen.<\/p><p>4. Tietojen s\u00e4ilytysajat<\/p><p>Yleisesti ottaen SAMY ROAD s\u00e4ilytt\u00e4\u00e4 k\u00e4ytt\u00e4jien henkil\u00f6tietoja niin kauan kuin on tarpeen t\u00e4m\u00e4n tietosuojak\u00e4yt\u00e4nn\u00f6n mukaisiin tarkoituksiin, kuitenkin enint\u00e4\u00e4n kuuden vuoden ajan.<\/p><p>Verkkosivuston k\u00e4ytt\u00e4jien tiedot s\u00e4ilytet\u00e4\u00e4n SAMY ROAD:n toimesta niin kauan kuin he ovat rekister\u00f6ityneit\u00e4, ja kun peruutuspyynt\u00f6 on tehty, niit\u00e4 s\u00e4ilytet\u00e4\u00e4n mahdollisten k\u00e4sittelyst\u00e4 johtuvien vastuiden varalta niiden vanhentumisaikaan asti, jolloin verkkosivuston omistajat ryhtyv\u00e4t niiden poistamiseen.<\/p><p>5. Rekister\u00f6idyn oikeuksien k\u00e4ytt\u00e4minen (oikeus saada p\u00e4\u00e4sy tietoihin, oikaista niit\u00e4, vastustaa niiden k\u00e4sittely\u00e4, poistaa ne, rajoittaa niiden k\u00e4sittely\u00e4 ja tarvittaessa siirt\u00e4\u00e4 ne).<\/p><p>K\u00e4ytt\u00e4j\u00e4t voivat ottaa yhteytt\u00e4 SAMY ROADiin voidakseen k\u00e4ytt\u00e4\u00e4 oikeuttaan saada p\u00e4\u00e4sy tietoihin, oikaista niit\u00e4, vastustaa niiden k\u00e4sittely\u00e4, poistaa ne, rajoittaa niiden k\u00e4sittely\u00e4 ja tarvittaessa siirt\u00e4\u00e4 tiedostojen sis\u00e4lt\u00e4m\u00e4t tiedot.<\/p><p>Joka tapauksessa k\u00e4ytt\u00e4j\u00e4 voi milloin tahansa peruuttaa suostumuksensa tietojensa k\u00e4sittelyyn ilman, ett\u00e4 t\u00e4m\u00e4 vaikuttaa suostumuksen peruuttamista edelt\u00e4v\u00e4n k\u00e4sittelyn lainmukaisuuteen.<\/p><p>T\u00e4t\u00e4 varten sinun on l\u00e4hetett\u00e4v\u00e4 kirje, jossa on viite (Ref. Data Protection) ja jossa t\u00e4smenn\u00e4t vastaavan pyynn\u00f6n, seuraavaan osoitteeseen: SAMY ROAD, C. de Ulises, 97, 28043, Madrid. Tai l\u00e4hett\u00e4m\u00e4ll\u00e4 identtiset asiakirjat seuraavaan s\u00e4hk\u00f6postiosoitteeseen: dpd@samy.com.<\/p><p>Tietosuojan noudattamisen varmistamiseksi rekister\u00f6idyll\u00e4 on oikeus valittaa Espanjan tietosuojavirastolle (AEPD) SAMY ROADin lain rikkomisesta.<\/p><p>6. Kolmansien osapuolten toimittamat tiedot<\/p><p>SAMY ROAD pyyt\u00e4\u00e4 k\u00e4ytt\u00e4ji\u00e4 v\u00e4ltt\u00e4m\u00e4\u00e4n kolmansien osapuolten henkil\u00f6tietojen v\u00e4litt\u00e4mist\u00e4 mink\u00e4\u00e4n j\u00e4rjestelm\u00e4n, sovelluksen, v\u00e4lineen tai muodon kautta. Jos kuitenkin SAMY ROADille verkkosivustolla l\u00e4hetetty viesti sis\u00e4lt\u00e4\u00e4 henkil\u00f6tietoja, joita henkil\u00f6t, jotka eiv\u00e4t hallitse kyseisi\u00e4 tietoja, ovat antaneet, k\u00e4ytt\u00e4j\u00e4 takaa, ett\u00e4 h\u00e4n on ilmoittanut kyseisille henkil\u00f6ille edell\u00e4 olevissa kappaleissa mainitut seikat ja saanut heid\u00e4n suostumuksensa tietosuojas\u00e4\u00e4nn\u00f6sten mukaisesti. K\u00e4ytt\u00e4j\u00e4 vakuuttaa t\u00e4ytt\u00e4neens\u00e4 t\u00e4m\u00e4n velvoitteen hyv\u00e4ksym\u00e4ll\u00e4 n\u00e4m\u00e4 ehdot.<\/p><p>K\u00e4ytt\u00e4j\u00e4 on vastuussa SAMY ROADille tai kolmansille osapuolille kaikista vahingoista, jotka voivat aiheutua edell\u00e4 mainittujen ehtojen rikkomisesta.<\/p><p>7. Tietojen totuudenmukaisuus, tarkkuus ja p\u00e4ivitt\u00e4minen<\/p><p>K\u00e4ytt\u00e4j\u00e4n antamien tietojen on oltava totuudenmukaisia, tarkkoja, t\u00e4ydellisi\u00e4 ja ajantasaisia. Jos tietokannassamme olevissa tiedoissa tapahtuu muutoksia ja\/tai vaihteluita, erityisesti yhteyshenkil\u00f6it\u00e4 koskevissa tiedoissa, pyyd\u00e4mme teit\u00e4 yst\u00e4v\u00e4llisesti ilmoittamaan meille asiasta, jotta voimme p\u00e4ivitt\u00e4\u00e4 tiedot.<\/p><p>8. Sovellettava laki ja toimivalta<\/p><p>K\u00e4ytt\u00e4j\u00e4n ja SAMY ROADin v\u00e4lisi\u00e4 suhteita s\u00e4\u00e4telev\u00e4t Espanjan lait. Kuitenkin tapauksissa, joissa s\u00e4\u00e4nn\u00f6kset mahdollistavat osapuolten alistumisen tiettyyn laink\u00e4ytt\u00f6valtaan, k\u00e4ytt\u00e4j\u00e4 ja SAMY ROAD luopuvat nimenomaisesti muista mahdollisista laink\u00e4ytt\u00f6valoista ja alistavat kaikki riidat ja\/tai oikeudenk\u00e4ynnit Madridin kaupungin tuomioistuinten k\u00e4sitelt\u00e4v\u00e4ksi.<\/p>\t\t\t\t\t\t\t\t<\/div>\n\t\t\t\t<\/div>\n\t\t\t\t\t<\/div>\n\t\t\t\t<\/div>\n\t\t\t\t<\/div>","protected":false},"excerpt":{"rendered":"<p>Tietosuojak\u00e4yt\u00e4nt\u00f6 1. Rekisterinpit\u00e4j\u00e4n tiedot Nimi: (\u201cSAMY ROAD\u201d tai \u201crekisterinpit\u00e4j\u00e4\u201d) Osoite: SAMY ROAD S.L. (\"SAMY ROAD\" tai \"rekisterinpit\u00e4j\u00e4\"): C. de Ulises, 97, 28043, Madrid C.I.F: B86442852 Yhteystiedot: Jos k\u00e4ytt\u00e4j\u00e4 haluaa ottaa yhteytt\u00e4 rekisterinpit\u00e4j\u00e4\u00e4n SAMY ROADin suorittamaa tietojenk\u00e4sittely\u00e4 koskevassa asiassa, h\u00e4n voi ottaa yhteytt\u00e4 tietosuojavastaavaan t\u00e4ss\u00e4 kohdassa ilmoitetussa osoitteessa [...].<\/p>","protected":false},"author":2,"featured_media":0,"parent":0,"menu_order":0,"comment_status":"closed","ping_status":"closed","template":"","meta":{"_acf_changed":false,"om_disable_all_campaigns":false,"_monsterinsights_skip_tracking":false,"_monsterinsights_sitenote_active":false,"_monsterinsights_sitenote_note":"","_monsterinsights_sitenote_category":0,"footnotes":""},"class_list":["post-487","page","type-page","status-publish","hentry"],"acf":[],"aioseo_notices":[],"_links":{"self":[{"href":"https:\/\/samy.com\/fi\/wp-json\/wp\/v2\/pages\/487","targetHints":{"allow":["GET"]}}],"collection":[{"href":"https:\/\/samy.com\/fi\/wp-json\/wp\/v2\/pages"}],"about":[{"href":"https:\/\/samy.com\/fi\/wp-json\/wp\/v2\/types\/page"}],"author":[{"embeddable":true,"href":"https:\/\/samy.com\/fi\/wp-json\/wp\/v2\/users\/2"}],"replies":[{"embeddable":true,"href":"https:\/\/samy.com\/fi\/wp-json\/wp\/v2\/comments?post=487"}],"version-history":[{"count":0,"href":"https:\/\/samy.com\/fi\/wp-json\/wp\/v2\/pages\/487\/revisions"}],"wp:attachment":[{"href":"https:\/\/samy.com\/fi\/wp-json\/wp\/v2\/media?parent=487"}],"curies":[{"name":"wp","href":"https:\/\/api.w.org\/{rel}","templated":true}]}}